{"id":897,"date":"2020-01-03T20:48:15","date_gmt":"2020-01-03T19:48:15","guid":{"rendered":"http:\/\/zimanyi.hu\/?page_id=897"},"modified":"2020-01-04T12:20:41","modified_gmt":"2020-01-04T11:20:41","slug":"kapcsolat","status":"publish","type":"page","link":"https:\/\/zimanyi.hu\/?page_id=897","title":{"rendered":"KAPCSOLAT"},"content":{"rendered":"\n<figure class=\"wp-block-image size-large\"><img loading=\"lazy\" width=\"990\" height=\"373\" src=\"https:\/\/zimanyi.hu\/wp-content\/uploads\/2020\/01\/image07.jpg\" alt=\"\" class=\"wp-image-898\" srcset=\"https:\/\/zimanyi.hu\/wp-content\/uploads\/2020\/01\/image07.jpg 990w, https:\/\/zimanyi.hu\/wp-content\/uploads\/2020\/01\/image07-300x113.jpg 300w, https:\/\/zimanyi.hu\/wp-content\/uploads\/2020\/01\/image07-768x289.jpg 768w\" sizes=\"(max-width: 990px) 100vw, 990px\" \/><\/figure>\n\n\n\n<figure class=\"wp-block-pullquote is-style-default\" style=\"border-color:#000000\"><blockquote class=\"has-text-color has-black-color\"><p>Tartalmi k\u00e9rd\u00e9sekkel kapcsolatban az al\u00e1bbi c\u00edmre v\u00e1rjuk leveleiket: <em>nekemazeletkrisztus@gmail.com<\/em><\/p><\/blockquote><\/figure>\n","protected":false},"excerpt":{"rendered":"<p>Tartalmi k\u00e9rd\u00e9sekkel kapcsolatban az al\u00e1bbi c\u00edmre v\u00e1rjuk leveleiket: nekemazeletkrisztus@gmail.com<\/p>\n","protected":false},"author":1,"featured_media":0,"parent":0,"menu_order":0,"comment_status":"closed","ping_status":"closed","template":"","meta":[],"_links":{"self":[{"href":"https:\/\/zimanyi.hu\/index.php?rest_route=\/wp\/v2\/pages\/897"}],"collection":[{"href":"https:\/\/zimanyi.hu\/index.php?rest_route=\/wp\/v2\/pages"}],"about":[{"href":"https:\/\/zimanyi.hu\/index.php?rest_route=\/wp\/v2\/types\/page"}],"author":[{"embeddable":true,"href":"https:\/\/zimanyi.hu\/index.php?rest_route=\/wp\/v2\/users\/1"}],"replies":[{"embeddable":true,"href":"https:\/\/zimanyi.hu\/index.php?rest_route=%2Fwp%2Fv2%2Fcomments&post=897"}],"version-history":[{"count":3,"href":"https:\/\/zimanyi.hu\/index.php?rest_route=\/wp\/v2\/pages\/897\/revisions"}],"predecessor-version":[{"id":922,"href":"https:\/\/zimanyi.hu\/index.php?rest_route=\/wp\/v2\/pages\/897\/revisions\/922"}],"wp:attachment":[{"href":"https:\/\/zimanyi.hu\/index.php?rest_route=%2Fwp%2Fv2%2Fmedia&parent=897"}],"curies":[{"name":"wp","href":"https:\/\/api.w.org\/{rel}","templated":true}]}}