{"id":232,"date":"2020-01-03T00:02:04","date_gmt":"2020-01-02T23:02:04","guid":{"rendered":"http:\/\/zimanyi.hu\/?page_id=232"},"modified":"2020-01-04T12:18:35","modified_gmt":"2020-01-04T11:18:35","slug":"konyvek","status":"publish","type":"page","link":"https:\/\/zimanyi.hu\/?page_id=232","title":{"rendered":"K\u00d6NYVEK"},"content":{"rendered":"\n<figure class=\"wp-block-image size-large\"><img loading=\"lazy\" width=\"990\" height=\"373\" src=\"https:\/\/zimanyi.hu\/wp-content\/uploads\/2020\/01\/image13.jpg\" alt=\"\" class=\"wp-image-920\" srcset=\"https:\/\/zimanyi.hu\/wp-content\/uploads\/2020\/01\/image13.jpg 990w, https:\/\/zimanyi.hu\/wp-content\/uploads\/2020\/01\/image13-300x113.jpg 300w, https:\/\/zimanyi.hu\/wp-content\/uploads\/2020\/01\/image13-768x289.jpg 768w\" sizes=\"(max-width: 990px) 100vw, 990px\" \/><\/figure>\n\n\n\n<div style=\"height:100px\" aria-hidden=\"true\" class=\"wp-block-spacer\"><\/div>\n\n\n\n<h4 class=\"has-text-align-center\">A lenti k\u00f6nyveket aj\u00e1nljuk figyelm\u00fckbe&#8230;<\/h4>\n\n\n\n<div class=\"wp-container-1 wp-block-group alignfull\"><div class=\"wp-block-group__inner-container\"><\/div><\/div>\n\n\n\n<div class=\"wp-block-media-text alignwide has-background is-stacked-on-mobile is-vertically-aligned-center\" style=\"background-color:#dadada;grid-template-columns:27% auto\"><figure class=\"wp-block-media-text__media\"><img loading=\"lazy\" width=\"229\" height=\"321\" src=\"https:\/\/zimanyi.hu\/wp-content\/uploads\/2020\/01\/Akiket_en_szeretek.jpg\" alt=\"\" class=\"wp-image-297\" srcset=\"https:\/\/zimanyi.hu\/wp-content\/uploads\/2020\/01\/Akiket_en_szeretek.jpg 229w, https:\/\/zimanyi.hu\/wp-content\/uploads\/2020\/01\/Akiket_en_szeretek-214x300.jpg 214w\" sizes=\"(max-width: 229px) 100vw, 229px\" \/><\/figure><div class=\"wp-block-media-text__content\">\n<p style=\"font-size:23px\" class=\"has-background has-text-align-left has-gray-background-color\"><strong><a href=\"https:\/\/zimanyi.hu\/?page_id=300\">Guly\u00e1s J\u00f3zsef &#8211; &#8222;<em>Akiket \u00e9n szeretek&#8230;<\/em>&#8222;<\/a><\/strong><\/p>\n\n\n\n<p class=\"has-text-color has-normal-font-size has-medium-black-color\"><a href=\"https:\/\/zimanyi.hu\/?page_id=300\"> IDE kattintva r\u00e9szleteket olvashat, a k\u00f6nyvb\u0151l. <\/a><\/p>\n<\/div><\/div>\n\n\n\n<div class=\"wp-block-media-text alignwide has-background\" style=\"background-color:#dadada\"><figure class=\"wp-block-media-text__media\"><img loading=\"lazy\" width=\"487\" height=\"321\" src=\"https:\/\/zimanyi.hu\/wp-content\/uploads\/2020\/01\/Elhivas-vezetes-cover-1.jpg\" alt=\"\" class=\"wp-image-318\" srcset=\"https:\/\/zimanyi.hu\/wp-content\/uploads\/2020\/01\/Elhivas-vezetes-cover-1.jpg 487w, https:\/\/zimanyi.hu\/wp-content\/uploads\/2020\/01\/Elhivas-vezetes-cover-1-300x198.jpg 300w\" sizes=\"(max-width: 487px) 100vw, 487px\" \/><\/figure><div class=\"wp-block-media-text__content\">\n<p style=\"font-size:22px\" class=\"has-background has-gray-background-color\"><strong><a href=\"https:\/\/zimanyi.hu\/?page_id=294\">Elisabeth Seiler &#8211; ELH\u00cdV\u00c1S-VEZET\u00c9S<\/a><\/strong><\/p>\n\n\n\n<p class=\"has-text-color has-normal-font-size has-medium-black-color\"><a href=\"https:\/\/zimanyi.hu\/?page_id=294\">IDE kattintva r\u00e9szleteket olvashat a k\u00f6nyvb\u0151l.<\/a><\/p>\n<\/div><\/div>\n\n\n\n<div style=\"height:100px\" aria-hidden=\"true\" class=\"wp-block-spacer\"><\/div>\n\n\n\n<p>A k\u00f6vetkez\u0151 k\u00f6nyveket az <strong>\u00c9jf\u00e9li Ki\u00e1lt\u00e1s Misszi\u00f3<\/strong> forgalmazza. <\/p>\n\n\n\n<figure class=\"wp-block-gallery aligncenter columns-5 is-cropped\"><ul class=\"blocks-gallery-grid\"><li class=\"blocks-gallery-item\"><figure><img loading=\"lazy\" width=\"206\" height=\"308\" src=\"https:\/\/zimanyi.hu\/wp-content\/uploads\/2020\/01\/33_igehely-1.jpg\" alt=\"\" data-id=\"263\" data-full-url=\"https:\/\/zimanyi.hu\/wp-content\/uploads\/2020\/01\/33_igehely-1.jpg\" data-link=\"https:\/\/zimanyi.hu\/?attachment_id=263\" class=\"wp-image-263\" srcset=\"https:\/\/zimanyi.hu\/wp-content\/uploads\/2020\/01\/33_igehely-1.jpg 206w, https:\/\/zimanyi.hu\/wp-content\/uploads\/2020\/01\/33_igehely-1-201x300.jpg 201w\" sizes=\"(max-width: 206px) 100vw, 206px\" \/><\/figure><\/li><li class=\"blocks-gallery-item\"><figure><img loading=\"lazy\" width=\"218\" height=\"308\" src=\"https:\/\/zimanyi.hu\/wp-content\/uploads\/2020\/01\/A_barany_utja-1.jpg\" alt=\"\" data-id=\"264\" data-full-url=\"https:\/\/zimanyi.hu\/wp-content\/uploads\/2020\/01\/A_barany_utja-1.jpg\" data-link=\"https:\/\/zimanyi.hu\/?attachment_id=264\" class=\"wp-image-264\" srcset=\"https:\/\/zimanyi.hu\/wp-content\/uploads\/2020\/01\/A_barany_utja-1.jpg 218w, https:\/\/zimanyi.hu\/wp-content\/uploads\/2020\/01\/A_barany_utja-1-212x300.jpg 212w\" sizes=\"(max-width: 218px) 100vw, 218px\" \/><\/figure><\/li><li class=\"blocks-gallery-item\"><figure><img loading=\"lazy\" width=\"211\" height=\"308\" src=\"https:\/\/zimanyi.hu\/wp-content\/uploads\/2020\/01\/A_bolond_gazdag-1.jpg\" alt=\"\" data-id=\"265\" data-full-url=\"https:\/\/zimanyi.hu\/wp-content\/uploads\/2020\/01\/A_bolond_gazdag-1.jpg\" data-link=\"https:\/\/zimanyi.hu\/?attachment_id=265\" class=\"wp-image-265\" srcset=\"https:\/\/zimanyi.hu\/wp-content\/uploads\/2020\/01\/A_bolond_gazdag-1.jpg 211w, https:\/\/zimanyi.hu\/wp-content\/uploads\/2020\/01\/A_bolond_gazdag-1-206x300.jpg 206w\" sizes=\"(max-width: 211px) 100vw, 211px\" \/><\/figure><\/li><li class=\"blocks-gallery-item\"><figure><img loading=\"lazy\" width=\"221\" height=\"308\" src=\"https:\/\/zimanyi.hu\/wp-content\/uploads\/2020\/01\/A_farao_utlevelei-1.jpg\" alt=\"\" data-id=\"266\" data-full-url=\"https:\/\/zimanyi.hu\/wp-content\/uploads\/2020\/01\/A_farao_utlevelei-1.jpg\" data-link=\"https:\/\/zimanyi.hu\/?attachment_id=266\" class=\"wp-image-266\" srcset=\"https:\/\/zimanyi.hu\/wp-content\/uploads\/2020\/01\/A_farao_utlevelei-1.jpg 221w, https:\/\/zimanyi.hu\/wp-content\/uploads\/2020\/01\/A_farao_utlevelei-1-215x300.jpg 215w\" sizes=\"(max-width: 221px) 100vw, 221px\" \/><\/figure><\/li><li class=\"blocks-gallery-item\"><figure><img loading=\"lazy\" width=\"220\" height=\"308\" src=\"https:\/\/zimanyi.hu\/wp-content\/uploads\/2020\/01\/A_hatartalan_irgalom_hatarai-1.jpg\" alt=\"\" data-id=\"267\" data-full-url=\"https:\/\/zimanyi.hu\/wp-content\/uploads\/2020\/01\/A_hatartalan_irgalom_hatarai-1.jpg\" data-link=\"https:\/\/zimanyi.hu\/?attachment_id=267\" class=\"wp-image-267\" srcset=\"https:\/\/zimanyi.hu\/wp-content\/uploads\/2020\/01\/A_hatartalan_irgalom_hatarai-1.jpg 220w, https:\/\/zimanyi.hu\/wp-content\/uploads\/2020\/01\/A_hatartalan_irgalom_hatarai-1-214x300.jpg 214w\" sizes=\"(max-width: 220px) 100vw, 220px\" \/><\/figure><\/li><li class=\"blocks-gallery-item\"><figure><img loading=\"lazy\" width=\"217\" height=\"308\" src=\"https:\/\/zimanyi.hu\/wp-content\/uploads\/2020\/01\/Aze_aki_akarja-1.jpg\" alt=\"\" data-id=\"268\" data-full-url=\"https:\/\/zimanyi.hu\/wp-content\/uploads\/2020\/01\/Aze_aki_akarja-1.jpg\" data-link=\"https:\/\/zimanyi.hu\/?attachment_id=268\" class=\"wp-image-268\" srcset=\"https:\/\/zimanyi.hu\/wp-content\/uploads\/2020\/01\/Aze_aki_akarja-1.jpg 217w, https:\/\/zimanyi.hu\/wp-content\/uploads\/2020\/01\/Aze_aki_akarja-1-211x300.jpg 211w\" sizes=\"(max-width: 217px) 100vw, 217px\" \/><\/figure><\/li><li class=\"blocks-gallery-item\"><figure><img loading=\"lazy\" width=\"211\" height=\"308\" src=\"https:\/\/zimanyi.hu\/wp-content\/uploads\/2020\/01\/Barki_latja_oket_felismeri-1.jpg\" alt=\"\" data-id=\"269\" data-full-url=\"https:\/\/zimanyi.hu\/wp-content\/uploads\/2020\/01\/Barki_latja_oket_felismeri-1.jpg\" data-link=\"https:\/\/zimanyi.hu\/?attachment_id=269\" class=\"wp-image-269\" srcset=\"https:\/\/zimanyi.hu\/wp-content\/uploads\/2020\/01\/Barki_latja_oket_felismeri-1.jpg 211w, https:\/\/zimanyi.hu\/wp-content\/uploads\/2020\/01\/Barki_latja_oket_felismeri-1-206x300.jpg 206w\" sizes=\"(max-width: 211px) 100vw, 211px\" \/><\/figure><\/li><li class=\"blocks-gallery-item\"><figure><img loading=\"lazy\" width=\"212\" height=\"308\" src=\"https:\/\/zimanyi.hu\/wp-content\/uploads\/2020\/01\/Brazillai-1.jpg\" alt=\"\" data-id=\"270\" data-full-url=\"https:\/\/zimanyi.hu\/wp-content\/uploads\/2020\/01\/Brazillai-1.jpg\" data-link=\"https:\/\/zimanyi.hu\/?attachment_id=270\" class=\"wp-image-270\" srcset=\"https:\/\/zimanyi.hu\/wp-content\/uploads\/2020\/01\/Brazillai-1.jpg 212w, https:\/\/zimanyi.hu\/wp-content\/uploads\/2020\/01\/Brazillai-1-206x300.jpg 206w\" sizes=\"(max-width: 212px) 100vw, 212px\" \/><\/figure><\/li><li class=\"blocks-gallery-item\"><figure><img loading=\"lazy\" width=\"217\" height=\"308\" src=\"https:\/\/zimanyi.hu\/wp-content\/uploads\/2020\/01\/Eletmento_halalos_itelet-1.jpg\" alt=\"\" data-id=\"271\" data-full-url=\"https:\/\/zimanyi.hu\/wp-content\/uploads\/2020\/01\/Eletmento_halalos_itelet-1.jpg\" data-link=\"https:\/\/zimanyi.hu\/?attachment_id=271\" class=\"wp-image-271\" srcset=\"https:\/\/zimanyi.hu\/wp-content\/uploads\/2020\/01\/Eletmento_halalos_itelet-1.jpg 217w, https:\/\/zimanyi.hu\/wp-content\/uploads\/2020\/01\/Eletmento_halalos_itelet-1-211x300.jpg 211w\" sizes=\"(max-width: 217px) 100vw, 217px\" \/><\/figure><\/li><li class=\"blocks-gallery-item\"><figure><img loading=\"lazy\" width=\"217\" height=\"308\" src=\"https:\/\/zimanyi.hu\/wp-content\/uploads\/2020\/01\/Eszukben_sincs-1.jpg\" alt=\"\" data-id=\"272\" data-full-url=\"https:\/\/zimanyi.hu\/wp-content\/uploads\/2020\/01\/Eszukben_sincs-1.jpg\" data-link=\"https:\/\/zimanyi.hu\/?attachment_id=272\" class=\"wp-image-272\" srcset=\"https:\/\/zimanyi.hu\/wp-content\/uploads\/2020\/01\/Eszukben_sincs-1.jpg 217w, https:\/\/zimanyi.hu\/wp-content\/uploads\/2020\/01\/Eszukben_sincs-1-211x300.jpg 211w\" sizes=\"(max-width: 217px) 100vw, 217px\" \/><\/figure><\/li><li class=\"blocks-gallery-item\"><figure><img loading=\"lazy\" width=\"216\" height=\"308\" src=\"https:\/\/zimanyi.hu\/wp-content\/uploads\/2020\/01\/Feszek_a_csillagok_kozott-1.jpg\" alt=\"\" data-id=\"273\" data-full-url=\"https:\/\/zimanyi.hu\/wp-content\/uploads\/2020\/01\/Feszek_a_csillagok_kozott-1.jpg\" data-link=\"https:\/\/zimanyi.hu\/?attachment_id=273\" class=\"wp-image-273\" srcset=\"https:\/\/zimanyi.hu\/wp-content\/uploads\/2020\/01\/Feszek_a_csillagok_kozott-1.jpg 216w, https:\/\/zimanyi.hu\/wp-content\/uploads\/2020\/01\/Feszek_a_csillagok_kozott-1-210x300.jpg 210w\" sizes=\"(max-width: 216px) 100vw, 216px\" \/><\/figure><\/li><li class=\"blocks-gallery-item\"><figure><img loading=\"lazy\" width=\"208\" height=\"308\" src=\"https:\/\/zimanyi.hu\/wp-content\/uploads\/2020\/01\/Fust_az_akor_volgyeben-1.jpg\" alt=\"\" data-id=\"274\" data-full-url=\"https:\/\/zimanyi.hu\/wp-content\/uploads\/2020\/01\/Fust_az_akor_volgyeben-1.jpg\" data-link=\"https:\/\/zimanyi.hu\/?attachment_id=274\" class=\"wp-image-274\" srcset=\"https:\/\/zimanyi.hu\/wp-content\/uploads\/2020\/01\/Fust_az_akor_volgyeben-1.jpg 208w, https:\/\/zimanyi.hu\/wp-content\/uploads\/2020\/01\/Fust_az_akor_volgyeben-1-203x300.jpg 203w\" sizes=\"(max-width: 208px) 100vw, 208px\" \/><\/figure><\/li><li class=\"blocks-gallery-item\"><figure><img loading=\"lazy\" width=\"216\" height=\"308\" src=\"https:\/\/zimanyi.hu\/wp-content\/uploads\/2020\/01\/Harag_alatt-1.jpg\" alt=\"\" data-id=\"275\" data-full-url=\"https:\/\/zimanyi.hu\/wp-content\/uploads\/2020\/01\/Harag_alatt-1.jpg\" data-link=\"https:\/\/zimanyi.hu\/?attachment_id=275\" class=\"wp-image-275\" srcset=\"https:\/\/zimanyi.hu\/wp-content\/uploads\/2020\/01\/Harag_alatt-1.jpg 216w, https:\/\/zimanyi.hu\/wp-content\/uploads\/2020\/01\/Harag_alatt-1-210x300.jpg 210w\" sizes=\"(max-width: 216px) 100vw, 216px\" \/><\/figure><\/li><li class=\"blocks-gallery-item\"><figure><img loading=\"lazy\" width=\"220\" height=\"308\" src=\"https:\/\/zimanyi.hu\/wp-content\/uploads\/2020\/01\/Igazi_hosok-1.jpg\" alt=\"\" data-id=\"276\" data-full-url=\"https:\/\/zimanyi.hu\/wp-content\/uploads\/2020\/01\/Igazi_hosok-1.jpg\" data-link=\"https:\/\/zimanyi.hu\/?attachment_id=276\" class=\"wp-image-276\" srcset=\"https:\/\/zimanyi.hu\/wp-content\/uploads\/2020\/01\/Igazi_hosok-1.jpg 220w, https:\/\/zimanyi.hu\/wp-content\/uploads\/2020\/01\/Igazi_hosok-1-214x300.jpg 214w\" sizes=\"(max-width: 220px) 100vw, 220px\" \/><\/figure><\/li><li class=\"blocks-gallery-item\"><figure><img loading=\"lazy\" width=\"216\" height=\"308\" src=\"https:\/\/zimanyi.hu\/wp-content\/uploads\/2020\/01\/Istenfelok_bunbarlangja-1.jpg\" alt=\"\" data-id=\"277\" data-full-url=\"https:\/\/zimanyi.hu\/wp-content\/uploads\/2020\/01\/Istenfelok_bunbarlangja-1.jpg\" data-link=\"https:\/\/zimanyi.hu\/?attachment_id=277\" class=\"wp-image-277\" srcset=\"https:\/\/zimanyi.hu\/wp-content\/uploads\/2020\/01\/Istenfelok_bunbarlangja-1.jpg 216w, https:\/\/zimanyi.hu\/wp-content\/uploads\/2020\/01\/Istenfelok_bunbarlangja-1-210x300.jpg 210w\" sizes=\"(max-width: 216px) 100vw, 216px\" \/><\/figure><\/li><li class=\"blocks-gallery-item\"><figure><img loading=\"lazy\" width=\"210\" height=\"308\" src=\"https:\/\/zimanyi.hu\/wp-content\/uploads\/2020\/01\/Job_4_arca-1.jpg\" alt=\"\" data-id=\"278\" data-full-url=\"https:\/\/zimanyi.hu\/wp-content\/uploads\/2020\/01\/Job_4_arca-1.jpg\" data-link=\"https:\/\/zimanyi.hu\/?attachment_id=278\" class=\"wp-image-278\" srcset=\"https:\/\/zimanyi.hu\/wp-content\/uploads\/2020\/01\/Job_4_arca-1.jpg 210w, https:\/\/zimanyi.hu\/wp-content\/uploads\/2020\/01\/Job_4_arca-1-205x300.jpg 205w\" sizes=\"(max-width: 210px) 100vw, 210px\" \/><\/figure><\/li><li class=\"blocks-gallery-item\"><figure><img loading=\"lazy\" width=\"213\" height=\"308\" src=\"https:\/\/zimanyi.hu\/wp-content\/uploads\/2020\/01\/Kozmetika_a_pokol_kuszoben-1.jpg\" alt=\"\" data-id=\"279\" data-full-url=\"https:\/\/zimanyi.hu\/wp-content\/uploads\/2020\/01\/Kozmetika_a_pokol_kuszoben-1.jpg\" data-link=\"https:\/\/zimanyi.hu\/?attachment_id=279\" class=\"wp-image-279\" srcset=\"https:\/\/zimanyi.hu\/wp-content\/uploads\/2020\/01\/Kozmetika_a_pokol_kuszoben-1.jpg 213w, https:\/\/zimanyi.hu\/wp-content\/uploads\/2020\/01\/Kozmetika_a_pokol_kuszoben-1-207x300.jpg 207w\" sizes=\"(max-width: 213px) 100vw, 213px\" \/><\/figure><\/li><li class=\"blocks-gallery-item\"><figure><img loading=\"lazy\" width=\"207\" height=\"308\" src=\"https:\/\/zimanyi.hu\/wp-content\/uploads\/2020\/01\/Mi_Atyank-1.jpg\" alt=\"\" data-id=\"280\" data-full-url=\"https:\/\/zimanyi.hu\/wp-content\/uploads\/2020\/01\/Mi_Atyank-1.jpg\" data-link=\"https:\/\/zimanyi.hu\/?attachment_id=280\" class=\"wp-image-280\" srcset=\"https:\/\/zimanyi.hu\/wp-content\/uploads\/2020\/01\/Mi_Atyank-1.jpg 207w, https:\/\/zimanyi.hu\/wp-content\/uploads\/2020\/01\/Mi_Atyank-1-202x300.jpg 202w\" sizes=\"(max-width: 207px) 100vw, 207px\" \/><\/figure><\/li><li class=\"blocks-gallery-item\"><figure><img loading=\"lazy\" width=\"211\" height=\"308\" src=\"https:\/\/zimanyi.hu\/wp-content\/uploads\/2020\/01\/Naomi-1.jpg\" alt=\"\" data-id=\"281\" data-full-url=\"https:\/\/zimanyi.hu\/wp-content\/uploads\/2020\/01\/Naomi-1.jpg\" data-link=\"https:\/\/zimanyi.hu\/?attachment_id=281\" class=\"wp-image-281\" srcset=\"https:\/\/zimanyi.hu\/wp-content\/uploads\/2020\/01\/Naomi-1.jpg 211w, https:\/\/zimanyi.hu\/wp-content\/uploads\/2020\/01\/Naomi-1-206x300.jpg 206w\" sizes=\"(max-width: 211px) 100vw, 211px\" \/><\/figure><\/li><li class=\"blocks-gallery-item\"><figure><img loading=\"lazy\" width=\"213\" height=\"308\" src=\"https:\/\/zimanyi.hu\/wp-content\/uploads\/2020\/01\/Ongyilkos_buzgosag-1.jpg\" alt=\"\" data-id=\"282\" data-full-url=\"https:\/\/zimanyi.hu\/wp-content\/uploads\/2020\/01\/Ongyilkos_buzgosag-1.jpg\" data-link=\"https:\/\/zimanyi.hu\/?attachment_id=282\" class=\"wp-image-282\" srcset=\"https:\/\/zimanyi.hu\/wp-content\/uploads\/2020\/01\/Ongyilkos_buzgosag-1.jpg 213w, https:\/\/zimanyi.hu\/wp-content\/uploads\/2020\/01\/Ongyilkos_buzgosag-1-207x300.jpg 207w\" sizes=\"(max-width: 213px) 100vw, 213px\" \/><\/figure><\/li><li class=\"blocks-gallery-item\"><figure><img loading=\"lazy\" width=\"217\" height=\"308\" src=\"https:\/\/zimanyi.hu\/wp-content\/uploads\/2020\/01\/Poklosok_halaja-1.jpg\" alt=\"\" data-id=\"283\" data-full-url=\"https:\/\/zimanyi.hu\/wp-content\/uploads\/2020\/01\/Poklosok_halaja-1.jpg\" data-link=\"https:\/\/zimanyi.hu\/?attachment_id=283\" class=\"wp-image-283\" srcset=\"https:\/\/zimanyi.hu\/wp-content\/uploads\/2020\/01\/Poklosok_halaja-1.jpg 217w, https:\/\/zimanyi.hu\/wp-content\/uploads\/2020\/01\/Poklosok_halaja-1-211x300.jpg 211w\" sizes=\"(max-width: 217px) 100vw, 217px\" \/><\/figure><\/li><li class=\"blocks-gallery-item\"><figure><img loading=\"lazy\" width=\"198\" height=\"308\" src=\"https:\/\/zimanyi.hu\/wp-content\/uploads\/2020\/01\/Samson-1.jpg\" alt=\"\" data-id=\"284\" data-full-url=\"https:\/\/zimanyi.hu\/wp-content\/uploads\/2020\/01\/Samson-1.jpg\" data-link=\"https:\/\/zimanyi.hu\/?attachment_id=284\" class=\"wp-image-284\" srcset=\"https:\/\/zimanyi.hu\/wp-content\/uploads\/2020\/01\/Samson-1.jpg 198w, https:\/\/zimanyi.hu\/wp-content\/uploads\/2020\/01\/Samson-1-193x300.jpg 193w\" sizes=\"(max-width: 198px) 100vw, 198px\" \/><\/figure><\/li><li class=\"blocks-gallery-item\"><figure><img loading=\"lazy\" width=\"211\" height=\"308\" src=\"https:\/\/zimanyi.hu\/wp-content\/uploads\/2020\/01\/Szolgalat_kovetes_nelkul-1.jpg\" alt=\"\" data-id=\"285\" data-full-url=\"https:\/\/zimanyi.hu\/wp-content\/uploads\/2020\/01\/Szolgalat_kovetes_nelkul-1.jpg\" data-link=\"https:\/\/zimanyi.hu\/?attachment_id=285\" class=\"wp-image-285\" srcset=\"https:\/\/zimanyi.hu\/wp-content\/uploads\/2020\/01\/Szolgalat_kovetes_nelkul-1.jpg 211w, https:\/\/zimanyi.hu\/wp-content\/uploads\/2020\/01\/Szolgalat_kovetes_nelkul-1-206x300.jpg 206w\" sizes=\"(max-width: 211px) 100vw, 211px\" \/><\/figure><\/li><li class=\"blocks-gallery-item\"><figure><img loading=\"lazy\" width=\"206\" height=\"308\" src=\"https:\/\/zimanyi.hu\/wp-content\/uploads\/2020\/01\/Talalkozas_Salamonnal-2.jpg\" alt=\"\" data-id=\"286\" data-full-url=\"https:\/\/zimanyi.hu\/wp-content\/uploads\/2020\/01\/Talalkozas_Salamonnal-2.jpg\" data-link=\"https:\/\/zimanyi.hu\/?attachment_id=286\" class=\"wp-image-286\" srcset=\"https:\/\/zimanyi.hu\/wp-content\/uploads\/2020\/01\/Talalkozas_Salamonnal-2.jpg 206w, https:\/\/zimanyi.hu\/wp-content\/uploads\/2020\/01\/Talalkozas_Salamonnal-2-201x300.jpg 201w\" sizes=\"(max-width: 206px) 100vw, 206px\" \/><\/figure><\/li><li class=\"blocks-gallery-item\"><figure><img loading=\"lazy\" width=\"214\" height=\"308\" src=\"https:\/\/zimanyi.hu\/wp-content\/uploads\/2020\/01\/Zakeus-1.jpg\" alt=\"\" data-id=\"287\" data-full-url=\"https:\/\/zimanyi.hu\/wp-content\/uploads\/2020\/01\/Zakeus-1.jpg\" data-link=\"https:\/\/zimanyi.hu\/?attachment_id=287\" class=\"wp-image-287\" srcset=\"https:\/\/zimanyi.hu\/wp-content\/uploads\/2020\/01\/Zakeus-1.jpg 214w, https:\/\/zimanyi.hu\/wp-content\/uploads\/2020\/01\/Zakeus-1-208x300.jpg 208w\" sizes=\"(max-width: 214px) 100vw, 214px\" \/><\/figure><\/li><\/ul><\/figure>\n\n\n\n<div style=\"height:100px\" aria-hidden=\"true\" class=\"wp-block-spacer\"><\/div>\n\n\n\n<p> <strong>Megrendelhet\u0151ek az al\u00e1bbi c\u00edmen:<\/strong> <\/p>\n\n\n\n<ul><li>\u00c9jf\u00e9li Ki\u00e1lt\u00e1s Misszi\u00f3 1135 Budapest, Pal\u00f3c utca 2.<\/li><li>Telefon:  <em>+36 (1) 3500 343<\/em><\/li><li>Email:  <em><a rel=\"noreferrer noopener\" href=\"mailto:ejfel@t-online.hu\" target=\"_blank\">ejfel@t-online.hu<\/a><\/em> <\/li><\/ul>\n","protected":false},"excerpt":{"rendered":"<p>A lenti k\u00f6nyveket aj\u00e1nljuk figyelm\u00fckbe&#8230; Guly\u00e1s J\u00f3zsef &#8211; &#8222;Akiket \u00e9n szeretek&#8230;&#8222; IDE kattintva r\u00e9szleteket olvashat, a k\u00f6nyvb\u0151l. Elisabeth Seiler &#8211; ELH\u00cdV\u00c1S-VEZET\u00c9S IDE kattintva r\u00e9szleteket olvashat a k\u00f6nyvb\u0151l. A k\u00f6vetkez\u0151 k\u00f6nyveket<a href=\"https:\/\/zimanyi.hu\/?page_id=232\" class=\"more-link\"><span class=\"readmore\">Tov\u00e1bb&#8230;<span class=\"screen-reader-text\">K\u00d6NYVEK<\/span><\/span><\/a><\/p>\n","protected":false},"author":1,"featured_media":0,"parent":0,"menu_order":0,"comment_status":"closed","ping_status":"closed","template":"","meta":[],"_links":{"self":[{"href":"https:\/\/zimanyi.hu\/index.php?rest_route=\/wp\/v2\/pages\/232"}],"collection":[{"href":"https:\/\/zimanyi.hu\/index.php?rest_route=\/wp\/v2\/pages"}],"about":[{"href":"https:\/\/zimanyi.hu\/index.php?rest_route=\/wp\/v2\/types\/page"}],"author":[{"embeddable":true,"href":"https:\/\/zimanyi.hu\/index.php?rest_route=\/wp\/v2\/users\/1"}],"replies":[{"embeddable":true,"href":"https:\/\/zimanyi.hu\/index.php?rest_route=%2Fwp%2Fv2%2Fcomments&post=232"}],"version-history":[{"count":30,"href":"https:\/\/zimanyi.hu\/index.php?rest_route=\/wp\/v2\/pages\/232\/revisions"}],"predecessor-version":[{"id":921,"href":"https:\/\/zimanyi.hu\/index.php?rest_route=\/wp\/v2\/pages\/232\/revisions\/921"}],"wp:attachment":[{"href":"https:\/\/zimanyi.hu\/index.php?rest_route=%2Fwp%2Fv2%2Fmedia&parent=232"}],"curies":[{"name":"wp","href":"https:\/\/api.w.org\/{rel}","templated":true}]}}